{"id":13758,"date":"2024-04-10T01:42:00","date_gmt":"2024-04-10T05:42:00","guid":{"rendered":"https:\/\/arriv.ca\/?page_id=13758"},"modified":"2024-04-10T01:49:05","modified_gmt":"2024-04-10T05:49:05","slug":"application_tanglewood","status":"publish","type":"page","link":"https:\/\/arriv.ca\/fr\/ressources-pour-locataires\/application_tanglewood\/","title":{"rendered":"Demande de location TANGLEWOOD"},"content":{"rendered":"\n<div class=\"wp-block-columns is-layout-flex wp-container-core-columns-is-layout-28f84493 wp-block-columns-is-layout-flex\">\n<div class=\"wp-block-column is-layout-flow wp-block-column-is-layout-flow\">\n<section class=\"section section--text-block alignfull\" >\n  <div class=\"grid-container\">\n    <div class=\"grid-x grid-padding-x align-middle align-center\">\n      <div class=\"cell text-center\">\n                              <h2>STEP 2 <\/h2>\n                                    <h3>RENTAL APPLICATION<\/h3>\n                          <div >\n            <p>All rental applications will be reviewed on a first come first served basis.<\/p>\n<p>You must fill out an application, each time one an apartment is made available.\u00a0 ARRIV does not keep applications once the apartment is rented.<\/p>\n<p>Only completed applications  <\/br> will be reviewed.<\/p>\n          <\/div>\n                      <\/div>\n    <\/div>\n  <\/div>\n<\/section>\n<\/div>\n\n\n\n<div class=\"wp-block-column is-layout-flow wp-block-column-is-layout-flow\">\n<section class=\"section section--text-block alignfull\" >\n  <div class=\"grid-container\">\n    <div class=\"grid-x grid-padding-x align-middle align-center\">\n      <div class=\"cell text-center\">\n                              <h2>\u00c9TAPE 2 <\/h2>\n                                    <h3>DEMANDE DE LOCATION<\/h3>\n                          <div >\n            <p>Toutes les demandes de location <\/br> seront r\u00e9vis\u00e9es dans l&rsquo;ordre d&rsquo;arriv\u00e9e.<\/p>\n<p>Vous devez remplir une demande chaque fois qu&rsquo;un appartement est disponible. ARRIV ne conserve pas les demandes une fois que l&rsquo;appartement est lou\u00e9.<\/p>\n<p>Seules les demandes d\u00fbment remplies seront examin\u00e9es.<\/p>\n          <\/div>\n                      <\/div>\n    <\/div>\n  <\/div>\n<\/section>\n<\/div>\n<\/div>\n\n\n\n<section class=\"section section--icon-callouts bg-greige alignfull\" >\n  <div class=\"grid-container\">\n    <div class=\"grid-x grid-padding-x align-center\">\n              <div class=\"cell medium-10 text-center icon-callout--text\">\n                      <h2>FORMS &#8211; FORMULAIRES<\/h2>\n                            <\/div>\n          <\/div>\n            <div class=\"grid-x grid-padding-x align-center icon-callouts-grid\">\n                      <div class=\"cell medium-4 text-center\">\n                <div class=\"icon-callout--inner\">\n                                      <img decoding=\"async\" src=\"https:\/\/arriv.ca\/wp-content\/uploads\/2024\/02\/form_small.png\" alt=\"\">\n                                                        <h4>TANGLEWOOD ESTATE<\/br> (English)<\/h4>\n                                                        <p>Rent Application<\/p>\n                    \n                                    \t<a class=\"button\" href=\"https:\/\/arriv.ca\/wp-content\/uploads\/2024\/04\/ARRIV-Tanglewood-3-bed-Application-Eng-Apr-2024.pdf\" target=\"_blank\">DOWNLOAD FORM<\/a>\n                                  <\/div>\n              <\/div>\n                            <div class=\"cell medium-4 text-center\">\n                <div class=\"icon-callout--inner\">\n                                      <img decoding=\"async\" src=\"https:\/\/arriv.ca\/wp-content\/uploads\/2024\/02\/form_small.png\" alt=\"\">\n                                                        <h4>DOMAINE TANGLEWOOD <\/br> (fran\u00e7ais)<\/h4>\n                                                        <p>Demande de location<\/p>\n                    \n                                    \t<a class=\"button\" href=\"https:\/\/arriv.ca\/wp-content\/uploads\/2024\/04\/ARRIV-Tanglewood-3-Ch-Application-French-Apr-2024.pdf\" target=\"_blank\">T\u00c9L\u00c9CHARGER ICI<\/a>\n                                  <\/div>\n              <\/div>\n                        <\/div>\n            <\/div>\n<\/section>\n","protected":false},"excerpt":{"rendered":"","protected":false},"author":5,"featured_media":12992,"parent":13230,"menu_order":25,"comment_status":"closed","ping_status":"closed","template":"","meta":{"_acf_changed":true,"_monsterinsights_skip_tracking":false,"_monsterinsights_sitenote_active":false,"_monsterinsights_sitenote_note":"","_monsterinsights_sitenote_category":0,"footnotes":""},"class_list":["post-13758","page","type-page","status-publish","has-post-thumbnail","hentry"],"acf":[],"_links":{"self":[{"href":"https:\/\/arriv.ca\/fr\/wp-json\/wp\/v2\/pages\/13758","targetHints":{"allow":["GET"]}}],"collection":[{"href":"https:\/\/arriv.ca\/fr\/wp-json\/wp\/v2\/pages"}],"about":[{"href":"https:\/\/arriv.ca\/fr\/wp-json\/wp\/v2\/types\/page"}],"author":[{"embeddable":true,"href":"https:\/\/arriv.ca\/fr\/wp-json\/wp\/v2\/users\/5"}],"replies":[{"embeddable":true,"href":"https:\/\/arriv.ca\/fr\/wp-json\/wp\/v2\/comments?post=13758"}],"version-history":[{"count":0,"href":"https:\/\/arriv.ca\/fr\/wp-json\/wp\/v2\/pages\/13758\/revisions"}],"up":[{"embeddable":true,"href":"https:\/\/arriv.ca\/fr\/wp-json\/wp\/v2\/pages\/13230"}],"wp:featuredmedia":[{"embeddable":true,"href":"https:\/\/arriv.ca\/fr\/wp-json\/wp\/v2\/media\/12992"}],"wp:attachment":[{"href":"https:\/\/arriv.ca\/fr\/wp-json\/wp\/v2\/media?parent=13758"}],"curies":[{"name":"wp","href":"https:\/\/api.w.org\/{rel}","templated":true}]}}