{"id":13254,"date":"2022-11-04T09:49:21","date_gmt":"2022-11-04T13:49:21","guid":{"rendered":"https:\/\/arriv.wpengine.com\/?page_id=13254"},"modified":"2026-03-19T09:03:25","modified_gmt":"2026-03-19T13:03:25","slug":"nous-joindre","status":"publish","type":"page","link":"https:\/\/arriv.ca\/fr\/nous-joindre\/","title":{"rendered":"Nous joindre"},"content":{"rendered":"\n<section class=\"section section--contact alignfull\" >\n  <div class=\"grid-container\">\n          <h2>Nous joindre<\/h2>\n                <div class=\"grid-x grid-padding-x align-center icon-callouts-grid\">\n                      <div class=\"cell medium-4 text-center\">\n                <div class=\"icon-callout--inner\">\n                  <div>\n                                          <img decoding=\"async\" src=\"https:\/\/arriv.ca\/wp-content\/uploads\/2024\/02\/noun-telephone-small_new.svg\" alt=\"\">\n                                                              <h3>APPELEZ-NOUS<\/h3>\n                                                              <h4>613-731-1182<\/h4>\n                                                              <p>Pour toutes requ\u00eates et demandes.<\/p>\n                                      <\/div>\n                                  <\/div>\n              <\/div>\n                            <div class=\"cell medium-4 text-center\">\n                <div class=\"icon-callout--inner\">\n                  <div>\n                                          <img decoding=\"async\" src=\"https:\/\/arriv.ca\/wp-content\/uploads\/2024\/02\/house-new.svg\" alt=\"\">\n                                                              <h3>ARRIV CHEZ-MOI<\/h3>\n                                                                                  <p>Acc\u00e9dez au portail des locataires<\/p>\n                                      <\/div>\n                                    \t<a class=\"button\" href=\"https:\/\/ng.och.ca\/ords\/houlive_selfserv\/f?p=13000:101:::::P101_ORG_LANG:ARRIV_FR\" target=\"_blank\">CONNECTEZ-VOUS<\/a>\n                                  <\/div>\n              <\/div>\n                        <\/div>\n              <div class=\"contact-form--inner\">\n      <div class=\"grid-x grid-padding-x align-center\">\n        <div class=\"cell medium-9 text-center\">\n                      <h2>Envoyez un courriel<\/h2>\n                                <p>Envoyez-nous un courriel ou remplissez le formulaire ci-dessous et un membre de notre \u00e9quipe vous r\u00e9pondra dans les plus brefs d\u00e9lais.<\/p>\n                                                  <\/div>\n      <\/div>\n      <div class=\"grid-x grid-padding-x align-center\">\n        <div class=\"cell medium-4 text-center\">\n          <h4>Demandes g\u00e9n\u00e9rales<\/h4>\n<p>Commentaires, plaintes ou autres demandes NON li\u00e9es \u00e0 l&rsquo;entretien ou aux r\u00e9parations.<\/p>\n<p><a href=\"mailto:info@arriv.ca\">info@arriv.ca<\/a><\/p>\n        <\/div>\n        <div class=\"cell medium-4 text-center\">\n          <h4>Si\u00e8ge social<\/h4>\n<p>Bureau Auriga<br \/>\n39 Promenade Auriga<\/p>\n<p>Lundi \u2013 Vendredi :<br \/>\n8 h 30 \u00e0 4 h 30<\/p>\n<p><a href=\"https:\/\/maps.app.goo.gl\/AH1PpdX9AsDGJ5cP8\" target=\"_blank\" rel=\"noopener\">https:\/\/www.google.ca\/maps<\/a><\/p>\n        <\/div>\n      <\/div>\n    <\/div>\n    <div class=\"grid-x grid-padding-x\">\n      <div class=\"cell medium-6\">\n              <\/div>\n      <div class=\"cell medium-6\">\n              <\/div>\n    <\/div>\n  <\/div>\n  <div class=\"contact-offices\">\n    <div class=\"grid-container\">\n                      <div class=\"grid-x grid-padding-x\">\n                          <div class=\"cell medium-4\">\n                                                                      <\/div>\n                            <\/div>\n                <\/div>\n  <\/div>\n<\/section>\n","protected":false},"excerpt":{"rendered":"","protected":false},"author":11,"featured_media":12436,"parent":0,"menu_order":28,"comment_status":"closed","ping_status":"closed","template":"","meta":{"_acf_changed":true,"_monsterinsights_skip_tracking":false,"_monsterinsights_sitenote_active":false,"_monsterinsights_sitenote_note":"","_monsterinsights_sitenote_category":0,"footnotes":""},"class_list":["post-13254","page","type-page","status-publish","has-post-thumbnail","hentry"],"acf":[],"_links":{"self":[{"href":"https:\/\/arriv.ca\/fr\/wp-json\/wp\/v2\/pages\/13254","targetHints":{"allow":["GET"]}}],"collection":[{"href":"https:\/\/arriv.ca\/fr\/wp-json\/wp\/v2\/pages"}],"about":[{"href":"https:\/\/arriv.ca\/fr\/wp-json\/wp\/v2\/types\/page"}],"author":[{"embeddable":true,"href":"https:\/\/arriv.ca\/fr\/wp-json\/wp\/v2\/users\/11"}],"replies":[{"embeddable":true,"href":"https:\/\/arriv.ca\/fr\/wp-json\/wp\/v2\/comments?post=13254"}],"version-history":[{"count":0,"href":"https:\/\/arriv.ca\/fr\/wp-json\/wp\/v2\/pages\/13254\/revisions"}],"wp:featuredmedia":[{"embeddable":true,"href":"https:\/\/arriv.ca\/fr\/wp-json\/wp\/v2\/media\/12436"}],"wp:attachment":[{"href":"https:\/\/arriv.ca\/fr\/wp-json\/wp\/v2\/media?parent=13254"}],"curies":[{"name":"wp","href":"https:\/\/api.w.org\/{rel}","templated":true}]}}