{"id":13096,"date":"2023-10-27T14:17:48","date_gmt":"2023-10-27T18:17:48","guid":{"rendered":"https:\/\/arriv.wpengine.com\/about-arriv\/"},"modified":"2024-10-21T13:01:45","modified_gmt":"2024-10-21T17:01:45","slug":"a-propos-arriv","status":"publish","type":"page","link":"https:\/\/arriv.ca\/fr\/a-propos-arriv\/","title":{"rendered":"\u00c0 propos d&rsquo;ARRIV"},"content":{"rendered":"\n<div class=\"wp-block-columns is-layout-flex wp-container-core-columns-is-layout-28f84493 wp-block-columns-is-layout-flex\">\n<div class=\"wp-block-column is-layout-flow wp-block-column-is-layout-flow\" style=\"flex-basis:66.66%\">\n<h1>\u00c0 PROPOS DES PROPRI\u00c9T\u00c9S ARRIV<\/h1>\n<p><strong>Propri\u00e9t\u00e9s ARRIV<\/strong>\u00a0met de l\u2019avant un tout nouveau concept sur le march\u00e9 locatif de la ville d\u2019Ottawa. Compte tenu de la p\u00e9nurie croissante de logements locatifs abordables dans la ville, ARRIV comble un besoin en offrant aux m\u00e9nages qui ont un revenu modeste des appartements et des maisons en rang\u00e9e de qualit\u00e9 \u00e0 des loyers abordables.<\/p>\n<p data-pm-slice=\"1 1 []\">Nos propri\u00e9t\u00e9s refl\u00e8tent les normes sup\u00e9rieures et les r\u00e8gles de vie auxquelles l\u2019ensemble des propri\u00e9t\u00e9s ARRIV chercheront \u00e0 se conformer, notamment les suivantes :<\/p>\n<\/div>\n\n\n\n<div class=\"wp-block-column is-layout-flow wp-block-column-is-layout-flow\" style=\"flex-basis:33.33%\">\n<figure class=\"wp-block-image aligncenter size-full is-resized\"><img loading=\"lazy\" decoding=\"async\" width=\"1000\" height=\"411\" src=\"https:\/\/arriv.wpengine.com\/wp-content\/uploads\/2024\/01\/ARRIV-BIL-Col.png\" alt=\"\" class=\"wp-image-12435\" style=\"width:319px;height:auto\" srcset=\"https:\/\/arriv.ca\/wp-content\/uploads\/2024\/01\/ARRIV-BIL-Col.png 1000w, https:\/\/arriv.ca\/wp-content\/uploads\/2024\/01\/ARRIV-BIL-Col-300x123.png 300w, https:\/\/arriv.ca\/wp-content\/uploads\/2024\/01\/ARRIV-BIL-Col-768x316.png 768w\" sizes=\"auto, (max-width: 1000px) 100vw, 1000px\" \/><\/figure>\n<\/div>\n<\/div>\n\n\n\n<ul class=\"wp-block-list\">\n<li><strong>Des emplacements id\u00e9als<\/strong>&nbsp;\u2013 Bien situ\u00e9es, les communaut\u00e9s ARRIV attireront les jeunes professionnels, les familles grandissantes, les parents sans enfants \u00e0 la maison, et les personnes \u00e2g\u00e9es.<\/li>\n<\/ul>\n\n\n\n<ul class=\"wp-block-list\">\n<li><strong>Commodit\u00e9s et attributs<\/strong>&nbsp;\u2013 Les communaut\u00e9s ARRIV comporteront toutes les commodit\u00e9s associ\u00e9es au confort moderne et des attributs propres \u00e0 un mode de vie r\u00e9solument urbain.<\/li>\n<\/ul>\n\n\n\n<ul class=\"wp-block-list\">\n<li><strong>Service aux locataires fiable et pratique<\/strong>&nbsp;\u2013 L\u2019\u00e9quipe chevronn\u00e9e et d\u00e9vou\u00e9e de la soci\u00e9t\u00e9 ARRIV entend se distinguer pour l\u2019excellence de son service \u00e0 la client\u00e8le.<\/li>\n<\/ul>\n\n\n\n<ul class=\"wp-block-list\">\n<li><strong>Sentiment d\u2019appartenance \u00e0 une communaut\u00e9<\/strong>&nbsp;\u2013 Les communaut\u00e9s ARRIV vont favoriser un milieu de vie vibrant, diversifi\u00e9 et socialement inclusif o\u00f9 les gens se sentent bien les uns avec les autres.<\/li>\n<\/ul>\n\n\n\n<ul class=\"wp-block-list\">\n<li><strong>B\u00e2timents modernes<\/strong>&nbsp;\u2013 Les nouveaux logements locatifs sont con\u00e7us suivant des principes \u00e9coresponsables, et ont un rendement \u00e9nerg\u00e9tique \u00e9lev\u00e9 et d\u2019autres caract\u00e9ristiques soucieuses de l\u2019environnement.<\/li>\n<\/ul>\n\n\n\n<ul class=\"wp-block-list\">\n<li><strong>Loyers abordables<\/strong>&nbsp;\u2013 ARRIV comble un besoin sur le march\u00e9 locatif d\u2019Ottawa en proposant des logements dont le prix du loyer est \u00e9gal ou inf\u00e9rieur au prix moyen du march\u00e9, et s\u2019imposera bient\u00f4t comme la norme du logement abordable offrant tout le confort d\u2019une vie moderne.<\/li>\n<\/ul>\n\n\n\n<h2 class=\"wp-block-heading\">QUALIT\u00c9 MODERNE. LOGEMENTS ABORDABLES<\/h2>\n\n\n\n<hr class=\"wp-block-separator has-alpha-channel-opacity\"\/>\n\n\n\n<h3 class=\"wp-block-heading\"><strong> <strong>\u00c0 propo<\/strong><\/strong>s de la S<strong>oci\u00e9t\u00e9 de logement communautaire d\u2019Ottawa\u00a0<\/strong><\/h3>\n\n\n\n<p>La Soci\u00e9t\u00e9 de logement communautaire d\u2019Ottawa accueille dans pr\u00e8s de 15\u2009000\u00a0logements r\u00e9partis dans plusieurs communaut\u00e9s de la ville d\u2019Ottawa, quelque 33\u2009000\u00a0locataires, incluant des a\u00een\u00e9s, des parents, des enfants, des couples, des personnes c\u00e9libataires et des personnes ayant des besoins sp\u00e9ciaux. Les locataires de LCO parlent diff\u00e9rentes langues, ont une origine ethnique vari\u00e9e et proviennent de diff\u00e9rentes cultures. LCO est le plus important fournisseur de logements sociaux, communautaires et abordables \u00e0 Ottawa, et un chef de file du secteur dans la construction de logements abordables. Pour en savoir plus sur la Soci\u00e9t\u00e9 de logement communautaire d&rsquo;Ottawa, visitez le site <a href=\"https:\/\/www.och-lco.ca\/fr\/\">www.och-lco.ca.<\/a><\/p>\n\n\n\n<p>LCO op\u00e8re sous la banni\u00e8re de Propri\u00e9t\u00e9s ARRIV.<\/p>\n\n\n\n<h3 class=\"wp-block-heading\"><strong><strong>\u00c0 propo<\/strong><\/strong>s de Propri\u00e9t\u00e9s ARRIV<strong>\u00a0<\/strong><\/h3>\n\n\n\n<p>Propri\u00e9t\u00e9s ARRIV est une nouvelle marque d\u00e9sign\u00e9e pour les logements abordables r\u00e9alis\u00e9s par LCO. Il s&rsquo;agit d&rsquo;une \u00e9tape importante car elle signale une toute nouvelle offre dans le continuum du logement en fournissant des appartements et des maisons en rang\u00e9e \u00e0 des prix abordables pour les m\u00e9nages \u00e0 faible revenu et \u00e0 revenu faible ou mod\u00e9r\u00e9, \u00e9tablissant ainsi la norme d&rsquo;une vie moderne et d&rsquo;un style de vie \u00e0 un prix abordable. Propri\u00e9t\u00e9s ARRIV est une composante importante de la gamme de logements abordables offerts par LCO \u00e0 Ottawa.<\/p>\n\n\n\n<section class=\"section section--accordion alignfull \" >\n  <div class=\"grid-container\">\n  \t\n  \t\t    <div class=\"grid-x grid-padding-x align-middle\">\n\t      \t\t      <div class=\"cell accortion-section-title\">\n\t\t      \t\t\t          <h2>Questions fr\u00e9quentes<\/h2>\n\t\t        \t\t        \t\t          <p>Apprenez-en plus sur les logements abordables des Propri\u00e9t\u00e9s ARRIV.<\/p>\n\t\t        \t\t      <\/div>\n\t      \t    <\/div>\n        \n        \n\t\t\t<ul class=\"accordion\" data-accordion data-allow-all-closed=\"true\">\n\t\t\t\t\t<li class=\"accordion-item\" data-accordion-item>\n\t\t\t   <a href=\"#\" class=\"accordion-title \">Qu\u2019entend-on par prix du march\u00e9 \u00e9gal ou inf\u00e9rieur \u00e0 la moyenne?<\/a>\n\t\t\t   <div class=\"accordion-content\" data-tab-content>\n\t\t\t   \t\t\t  \t<p>Le co\u00fbt des loyers ARRIV est fix\u00e9 en tenant compte des enqu\u00eates sur le march\u00e9 locatif local publi\u00e9es annuellement par la\u00a0<a href=\"https:\/\/www.cmhc-schl.gc.ca\/\" target=\"_blank\" rel=\"noopener\">Soci\u00e9t\u00e9 canadienne d\u2019hypoth\u00e8ques et de logement (SCHL)<\/a>. ARRIV \u00e9tablit les loyers moyens du march\u00e9 en s\u2019appuyant sur les donn\u00e9es propres \u00e0 la r\u00e9gion. Les loyers inf\u00e9rieurs au prix du march\u00e9 d\u00e9signent tout loyer qui est inf\u00e9rieur \u00e0 la moyenne \u00e9tablie par la SCHL.<\/p>\n\t\t\t   \t\t\t   <\/div>\n\t\t\t <\/li>\n\t\t\t\t\t\t<li class=\"accordion-item\" data-accordion-item>\n\t\t\t   <a href=\"#\" class=\"accordion-title \">La soci\u00e9t\u00e9 ARRIV a-t-elle d\u2019autres immeubles locatifs?<\/a>\n\t\t\t   <div class=\"accordion-content\" data-tab-content>\n\t\t\t   \t\t\t  \t<p>Oui. Pour plus d&rsquo;informations sur les autres communaut\u00e9s de logements abordables des Propri\u00e9t\u00e9s ARRIV, consultez <a href=\"https:\/\/arriv.ca\/fr\/trouver-un-logement\/\">cette page.<\/a><\/p>\n\t\t\t   \t\t\t   <\/div>\n\t\t\t <\/li>\n\t\t\t\t\t\t<li class=\"accordion-item\" data-accordion-item>\n\t\t\t   <a href=\"#\" class=\"accordion-title \">Dois-je me qualifier pour louer un logement dans les communaut\u00e9s d&rsquo;ARRIV?<\/a>\n\t\t\t   <div class=\"accordion-content\" data-tab-content>\n\t\t\t   \t\t\t  \t<p>Oui. Les communaut\u00e9s des Propri\u00e9t\u00e9s ARRIV vise \u00e0 offrir un logement abordable aux m\u00e9nages \u00e0 faible revenu\u00a0 ou \u00e0 revenu bas ou modeste. Toute personne peut faire une demande de logement. Toutes les demandes de location sont \u00e9valu\u00e9es en fonction de notre grille d\u2019\u00e9valuation de l\u2019accessibilit\u00e9 financi\u00e8re. Un historique de location, une v\u00e9rification de la solvabilit\u00e9 et une v\u00e9rification des revenus sont exig\u00e9s. Pour recevoir des mises \u00e0 jour par courriel sur nos disponibilit\u00e9s, veuillez <strong>vous inscrire <a href=\"http:\/\/eepurl.com\/iAk2YM\">ICI<\/a><\/strong>.<\/p>\n<p>Chacune de nos communaut\u00e9s a des limites de revenus maximums sp\u00e9cifiques qui varient en se basant sur la grandeur de la maison ou de l&rsquo;appartement qui vous int\u00e9resse.<\/p>\n\t\t\t   \t\t\t   <\/div>\n\t\t\t <\/li>\n\t\t\t\t\t\t<li class=\"accordion-item\" data-accordion-item>\n\t\t\t   <a href=\"#\" class=\"accordion-title \">Comment joindre l\u2019\u00e9quipe ARRIV ?<\/a>\n\t\t\t   <div class=\"accordion-content\" data-tab-content>\n\t\t\t   \t\t\t  \t<div class=\"grid-container\">\n\t\t\t  \t\t<div class=\"grid-x grid-padding-x\">\n\t\t\t  \t\t\t<div class=\"cell medium-6\">\n\t\t\t  \t\t\t\t<p><strong>Pendant les heures de bureau :\u00a0<\/strong><br \/>\nLundi &#8211; Vendredi de 8 h 30 \u00e0 16 h 30<br \/>\nT\u00e9l\u00e9phone : 613-415-7865<br \/>\n<a href=\"mailto:info@arriv.ca\" target=\"_blank\" rel=\"noreferrer noopener\">info@arriv.ca<\/a><\/p>\n<p>Connectez-vous au portail des locataires <a href=\"https:\/\/arriv.ca\/fr\/arriv-chez-moi\/\">ARRIV Chez-moi<\/a> afin de soumettre une demande d&rsquo;entretien.<\/p>\n\t\t\t  \t\t\t<\/div>\n\t\t\t  \t\t\t<div class=\"cell medium-6\">\n\t\t\t  \t\t\t\t<p><strong>Apr\u00e8s les heures de bureau :\u00a0<\/strong><br \/>\nT\u00e9l\u00e9phone : 613-415-7865<\/p>\n<p>Connectez-vous au portail des locataires <a href=\"https:\/\/arriv.ca\/fr\/arriv-chez-moi\/\">ARRIV Chez-moi<\/a> afin de soumettre une demande d&rsquo;entretien.<\/p>\n\t\t\t  \t\t\t<\/div>\n\t\t\t  \t\t<\/div>\n\t\t\t  \t<\/div>\n\t\t\t   \t\t\t   <\/div>\n\t\t\t <\/li>\n\t\t\t\t\t<\/ul>\n\t\t\t\n\t  <\/div>\n<\/section>\n\n\n\n<h2 class=\"wp-block-heading has-text-align-center\">Nos investisseurs<\/h2>\n\n\n\n<div class=\"wp-block-columns is-layout-flex wp-container-core-columns-is-layout-28f84493 wp-block-columns-is-layout-flex\">\n<div class=\"wp-block-column is-layout-flow wp-block-column-is-layout-flow\">\n<div class=\"wp-block-columns is-layout-flex wp-container-core-columns-is-layout-28f84493 wp-block-columns-is-layout-flex\">\n<div class=\"wp-block-column is-layout-flow wp-block-column-is-layout-flow\">\n<figure class=\"wp-block-image aligncenter size-full is-resized\"><a href=\"https:\/\/www.och-lco.ca\/fr\/\"><img loading=\"lazy\" decoding=\"async\" width=\"610\" height=\"231\" src=\"https:\/\/arriv.ca\/wp-content\/uploads\/2024\/07\/OCH-dark-grey-2.png\" alt=\"\" class=\"wp-image-14048\" style=\"width:118px\" srcset=\"https:\/\/arriv.ca\/wp-content\/uploads\/2024\/07\/OCH-dark-grey-2.png 610w, https:\/\/arriv.ca\/wp-content\/uploads\/2024\/07\/OCH-dark-grey-2-300x114.png 300w\" sizes=\"auto, (max-width: 610px) 100vw, 610px\" \/><\/a><\/figure>\n<\/div>\n\n\n\n<div class=\"wp-block-column is-layout-flow wp-block-column-is-layout-flow\">\n<figure class=\"wp-block-image aligncenter size-full is-resized\"><a href=\"https:\/\/www.cmhc-schl.gc.ca\/\"><img decoding=\"async\" src=\"https:\/\/arriv.ca\/wp-content\/uploads\/2024\/01\/logo-cmhc-grey.svg\" alt=\"\" class=\"wp-image-12469\" style=\"width:108px\"\/><\/a><\/figure>\n<\/div>\n<\/div>\n<\/div>\n\n\n\n<div class=\"wp-block-column is-layout-flow wp-block-column-is-layout-flow\">\n<div class=\"wp-block-columns is-layout-flex wp-container-core-columns-is-layout-28f84493 wp-block-columns-is-layout-flex\">\n<div class=\"wp-block-column is-layout-flow wp-block-column-is-layout-flow\">\n<figure class=\"wp-block-image aligncenter size-full is-resized\"><a href=\"https:\/\/ottawa.ca\/fr\"><img decoding=\"async\" src=\"https:\/\/arriv.ca\/wp-content\/uploads\/2024\/01\/logo-ottawa-grey.svg\" alt=\"\" class=\"wp-image-12467\" style=\"width:100px\"\/><\/a><\/figure>\n<\/div>\n\n\n\n<div class=\"wp-block-column is-layout-flow wp-block-column-is-layout-flow\">\n<figure class=\"wp-block-image aligncenter size-full is-resized\"><a href=\"https:\/\/www.canada.ca\/fr.html\"><img decoding=\"async\" src=\"https:\/\/arriv.ca\/wp-content\/uploads\/2024\/01\/logo-canada-grey.svg\" alt=\"\" class=\"wp-image-12463\" style=\"width:128px\"\/><\/a><\/figure>\n<\/div>\n\n\n\n<div class=\"wp-block-column is-layout-flow wp-block-column-is-layout-flow\">\n<figure class=\"wp-block-image aligncenter size-full is-resized\"><a href=\"https:\/\/www.ontario.ca\/fr\/page\/gouvernement-de-lontario\"><img decoding=\"async\" src=\"https:\/\/arriv.ca\/wp-content\/uploads\/2024\/01\/logo-ontario-grey.svg\" alt=\"\" class=\"wp-image-12465\" style=\"width:128px\"\/><\/a><\/figure>\n<\/div>\n<\/div>\n<\/div>\n<\/div>\n\n\n\n<div style=\"height:37px\" aria-hidden=\"true\" class=\"wp-block-spacer\"><\/div>\n","protected":false},"excerpt":{"rendered":"<p>\u00c0 PROPOS DES PROPRI\u00c9T\u00c9S ARRIV Propri\u00e9t\u00e9s ARRIV\u00a0met de l\u2019avant un tout nouveau concept sur le march\u00e9 locatif de la ville d\u2019Ottawa. Compte tenu de la p\u00e9nurie croissante de logements locatifs abordables dans la ville, ARRIV comble un besoin en offrant aux m\u00e9nages qui ont un revenu modeste des appartements et des maisons en rang\u00e9e de&#8230;<\/p>\n","protected":false},"author":11,"featured_media":12436,"parent":0,"menu_order":6,"comment_status":"closed","ping_status":"closed","template":"","meta":{"_acf_changed":false,"_monsterinsights_skip_tracking":false,"_monsterinsights_sitenote_active":false,"_monsterinsights_sitenote_note":"","_monsterinsights_sitenote_category":0,"footnotes":""},"class_list":["post-13096","page","type-page","status-publish","has-post-thumbnail","hentry"],"acf":[],"_links":{"self":[{"href":"https:\/\/arriv.ca\/fr\/wp-json\/wp\/v2\/pages\/13096","targetHints":{"allow":["GET"]}}],"collection":[{"href":"https:\/\/arriv.ca\/fr\/wp-json\/wp\/v2\/pages"}],"about":[{"href":"https:\/\/arriv.ca\/fr\/wp-json\/wp\/v2\/types\/page"}],"author":[{"embeddable":true,"href":"https:\/\/arriv.ca\/fr\/wp-json\/wp\/v2\/users\/11"}],"replies":[{"embeddable":true,"href":"https:\/\/arriv.ca\/fr\/wp-json\/wp\/v2\/comments?post=13096"}],"version-history":[{"count":0,"href":"https:\/\/arriv.ca\/fr\/wp-json\/wp\/v2\/pages\/13096\/revisions"}],"wp:featuredmedia":[{"embeddable":true,"href":"https:\/\/arriv.ca\/fr\/wp-json\/wp\/v2\/media\/12436"}],"wp:attachment":[{"href":"https:\/\/arriv.ca\/fr\/wp-json\/wp\/v2\/media?parent=13096"}],"curies":[{"name":"wp","href":"https:\/\/api.w.org\/{rel}","templated":true}]}}